{"id":1934,"date":"2025-12-19T03:22:48","date_gmt":"2025-12-19T03:22:48","guid":{"rendered":"https:\/\/laiyibiotech.com\/?page_id=1934"},"modified":"2025-12-23T08:03:18","modified_gmt":"2025-12-23T08:03:18","slug":"mods-hair","status":"publish","type":"page","link":"https:\/\/laiyibiotech.com\/cn\/mods-hair\/","title":{"rendered":"mod\u2019s hair"},"content":{"rendered":"<div id=\"fws_69e8c34054aa4\"  data-column-margin=\"default\" data-midnight=\"dark\" data-top-percent=\"5%\" data-bottom-percent=\"5%\"  class=\"wpb_row vc_row-fluid vc_row full-width-section vc_row-o-equal-height vc_row-flex vc_row-o-content-middle\"  style=\"padding-top: calc(100vw * 0.05); padding-bottom: calc(100vw * 0.05); \"><div class=\"row-bg-wrap\" data-bg-animation=\"none\" data-bg-animation-delay=\"\" data-bg-overlay=\"false\"><div class=\"inner-wrap row-bg-layer\" ><div class=\"row-bg viewport-desktop\"  style=\"\"><\/div><\/div><\/div><div class=\"row_col_wrap_12 col span_12 dark left\">\n\t<div  class=\"vc_col-sm-8 wpb_column column_container vc_column_container col no-extra-padding inherit_tablet inherit_phone flex_gap_desktop_10px\"  data-padding-pos=\"all\" data-has-bg-color=\"false\" data-bg-color=\"\" data-bg-opacity=\"1\" data-animation=\"\" data-delay=\"0\" >\n\t\t<div class=\"vc_column-inner\" >\n\t\t\t<div class=\"wpb_wrapper\">\n\t\t\t\t<div class=\"nectar-highlighted-text\" data-style=\"full_text\" data-exp=\"default\" data-user-color=\"true\" style=\"color: #FFFFFF;\" data-using-custom-color=\"true\" data-animation-delay=\"false\" data-color=\"#255039\" data-color-gradient=\"\"><h1><em>mod\u2019s hair<\/em><\/h1>\n<\/div><div id=\"fws_69e8c340556f4\" data-midnight=\"\" data-column-margin=\"default\" class=\"wpb_row vc_row-fluid vc_row inner_row\"  style=\"\"><div class=\"row-bg-wrap\"> <div class=\"row-bg\" ><\/div> <\/div><div class=\"row_col_wrap_12_inner col span_12  left\">\n\t<div  class=\"vc_col-sm-12 wpb_column column_container vc_column_container col child_column no-extra-padding inherit_tablet inherit_phone flex_gap_desktop_10px\"   data-padding-pos=\"all\" data-has-bg-color=\"false\" data-bg-color=\"\" data-bg-opacity=\"1\" data-animation=\"\" data-delay=\"0\" >\n\t\t<div class=\"vc_column-inner\" >\n\t\t<div class=\"wpb_wrapper\">\n\t\t\t\n<div class=\"wpb_text_column wpb_content_element\" >\n\t<p><strong><span class=\"a_GcMg font-feature-liga-off font-feature-clig-off font-feature-calt-off text-decoration-none text-strikethrough-none\">mod\u2019s hair<\/span> <\/strong><span class=\"a_GcMg font-feature-liga-off font-feature-clig-off font-feature-calt-off text-decoration-none text-strikethrough-none\">\u7531 B\u00e9rard \u5144\u5f1f\u4e8e1968\u5e74\u5728\u5df4\u9ece\u521b\u7acb\uff0c1974\u5e74\u5f00\u8bbe\u7b2c\u4e00\u5bb6\u6c99\u9f99\uff0c\u9996\u521b \u201cCoiff\u00e9-D\u00e9coiff\u00e9\u201d \u81ea\u7136\u968f\u6027\u9020\u578b\u98ce\u683c\u3002\u5982\u4eca\uff0c\u54c1\u724c\u5df2\u53d1\u5c55\u4e3a\u56fd\u9645\u9ad8\u7aef\u8fde\u9501\u7f8e\u53d1\u96c6\u56e2\uff0c\u5728\u5168\u740317\u4e2a\u56fd\u5bb6 \u62e5\u6709\u7ea6250\u5bb6\u95e8\u5e97\uff0c\u4ee5 \u201c\u6cd5\u5f0f\u8d28\u611f \u00d7 \u4e13\u4e1a\u6280\u672f\u201d \u8457\u79f0\uff0c\u662f\u878d\u5408\u9020\u578b\u827a\u672f\u4e0e\u65f6\u5c1a\u7f8e\u5b66\u7684\u884c\u4e1a\u5178\u8303\u3002<\/span><\/p>\n<\/div>\n\n\n\n\n\t\t<\/div> \n\t<\/div>\n\t<\/div> \n<\/div><\/div>\n\t\t\t<\/div> \n\t\t<\/div>\n\t<\/div> \n\n\t<div  class=\"vc_col-sm-4 wpb_column column_container vc_column_container col no-extra-padding inherit_tablet inherit_phone flex_gap_desktop_10px\"  data-padding-pos=\"all\" data-has-bg-color=\"false\" data-bg-color=\"\" data-bg-opacity=\"1\" data-animation=\"\" data-delay=\"0\" >\n\t\t<div class=\"vc_column-inner\" >\n\t\t\t<div class=\"wpb_wrapper\">\n\t\t\t\t<div class=\"img-with-aniamtion-wrap\" data-max-width=\"100%\" data-max-width-mobile=\"default\" data-shadow=\"none\" data-animation=\"none\" >\n      <div class=\"inner\">\n        <div class=\"hover-wrap\"> \n          <div class=\"hover-wrap-inner\">\n            <img loading=\"lazy\" decoding=\"async\" class=\"img-with-animation skip-lazy\" data-delay=\"0\" height=\"800\" width=\"800\" data-animation=\"none\" src=\"https:\/\/laiyibiotech.com\/wp-content\/uploads\/2025\/12\/greecerace-almazois-dorothete-mods-hair-logo-32.png\" alt=\"\" srcset=\"https:\/\/laiyibiotech.com\/wp-content\/uploads\/2025\/12\/greecerace-almazois-dorothete-mods-hair-logo-32.png 800w, https:\/\/laiyibiotech.com\/wp-content\/uploads\/2025\/12\/greecerace-almazois-dorothete-mods-hair-logo-32-300x300.png 300w, https:\/\/laiyibiotech.com\/wp-content\/uploads\/2025\/12\/greecerace-almazois-dorothete-mods-hair-logo-32-150x150.png 150w, https:\/\/laiyibiotech.com\/wp-content\/uploads\/2025\/12\/greecerace-almazois-dorothete-mods-hair-logo-32-768x768.png 768w, https:\/\/laiyibiotech.com\/wp-content\/uploads\/2025\/12\/greecerace-almazois-dorothete-mods-hair-logo-32-140x140.png 140w, https:\/\/laiyibiotech.com\/wp-content\/uploads\/2025\/12\/greecerace-almazois-dorothete-mods-hair-logo-32-100x100.png 100w, https:\/\/laiyibiotech.com\/wp-content\/uploads\/2025\/12\/greecerace-almazois-dorothete-mods-hair-logo-32-500x500.png 500w, https:\/\/laiyibiotech.com\/wp-content\/uploads\/2025\/12\/greecerace-almazois-dorothete-mods-hair-logo-32-350x350.png 350w\" sizes=\"auto, (max-width: 800px) 100vw, 800px\" \/>\n          <\/div>\n        <\/div>\n        \n      <\/div>\n    <\/div>\n\t\t\t<\/div> \n\t\t<\/div>\n\t<\/div> \n<\/div><\/div>\n\t\t<div id=\"fws_69e8c34056d72\"  data-column-margin=\"default\" data-midnight=\"dark\" data-top-percent=\"5%\" data-bottom-percent=\"5%\"  class=\"wpb_row vc_row-fluid vc_row full-width-section has-row-bg-color vc_row-o-equal-height vc_row-flex vc_row-o-content-top\"  style=\"padding-top: calc(100vw * 0.05); padding-bottom: calc(100vw * 0.05); --row-bg-color: #E70513;\"><div class=\"row-bg-wrap\" data-bg-animation=\"none\" data-bg-animation-delay=\"\" data-bg-overlay=\"false\"><div class=\"inner-wrap row-bg-layer\" ><div class=\"row-bg viewport-desktop using-bg-color\"  style=\"background-color: #E70513; \"><\/div><\/div><\/div><div class=\"row_col_wrap_12 col span_12 dark left\">\n\t<div style=\"\" class=\"vc_col-sm-12 wpb_column column_container vc_column_container col padding-5-percent inherit_tablet inherit_phone flex_gap_desktop_10px\" data-using-bg=\"true\" data-border-radius=\"15px\" data-shadow=\"medium_depth\" data-padding-pos=\"all\" data-has-bg-color=\"true\" data-bg-color=\"#FFFFFF\" data-bg-opacity=\"1\" data-animation=\"\" data-delay=\"0\" >\n\t\t<div class=\"vc_column-inner\" ><div class=\"column-bg-overlay-wrap column-bg-layer\" data-bg-animation=\"none\"><div class=\"column-bg-overlay\" style=\"opacity: 1; background-color: #FFFFFF;\"><\/div><\/div>\n\t\t\t<div class=\"wpb_wrapper\">\n\t\t\t\t<div id=\"fws_69e8c34057337\" data-midnight=\"\" data-column-margin=\"default\" class=\"wpb_row vc_row-fluid vc_row inner_row vc_row-o-equal-height vc_row-flex vc_row-o-content-middle\"  style=\"\"><div class=\"row-bg-wrap\"> <div class=\"row-bg\" ><\/div> <\/div><div class=\"row_col_wrap_12_inner col span_12  left\">\n\t<div  class=\"vc_col-sm-12 wpb_column column_container vc_column_container col child_column no-extra-padding inherit_tablet inherit_phone flex_gap_desktop_10px\"   data-padding-pos=\"all\" data-has-bg-color=\"false\" data-bg-color=\"\" data-bg-opacity=\"1\" data-animation=\"\" data-delay=\"0\" >\n\t\t<div class=\"vc_column-inner\" >\n\t\t<div class=\"wpb_wrapper\">\n\t\t\t<div class=\"img-with-aniamtion-wrap center\" data-max-width=\"100%\" data-max-width-mobile=\"default\" data-border-radius=\"15px\" data-shadow=\"none\" data-animation=\"none\" >\n      <div class=\"inner\">\n        <div class=\"hover-wrap\"> \n          <div class=\"hover-wrap-inner\">\n            <img loading=\"lazy\" decoding=\"async\" class=\"img-with-animation skip-lazy\" data-delay=\"0\" height=\"496\" width=\"1702\" data-animation=\"none\" src=\"https:\/\/laiyibiotech.com\/wp-content\/uploads\/2025\/12\/251002-\u2013-Lai-Yi-Biotech-\u2013-International-English-Product-Version-FULL-V2-13.jpg\" alt=\"\" srcset=\"https:\/\/laiyibiotech.com\/wp-content\/uploads\/2025\/12\/251002-\u2013-Lai-Yi-Biotech-\u2013-International-English-Product-Version-FULL-V2-13.jpg 1702w, https:\/\/laiyibiotech.com\/wp-content\/uploads\/2025\/12\/251002-\u2013-Lai-Yi-Biotech-\u2013-International-English-Product-Version-FULL-V2-13-300x87.jpg 300w, https:\/\/laiyibiotech.com\/wp-content\/uploads\/2025\/12\/251002-\u2013-Lai-Yi-Biotech-\u2013-International-English-Product-Version-FULL-V2-13-1024x298.jpg 1024w, https:\/\/laiyibiotech.com\/wp-content\/uploads\/2025\/12\/251002-\u2013-Lai-Yi-Biotech-\u2013-International-English-Product-Version-FULL-V2-13-768x224.jpg 768w, https:\/\/laiyibiotech.com\/wp-content\/uploads\/2025\/12\/251002-\u2013-Lai-Yi-Biotech-\u2013-International-English-Product-Version-FULL-V2-13-1536x448.jpg 1536w\" sizes=\"auto, (max-width: 1702px) 100vw, 1702px\" \/>\n          <\/div>\n        <\/div>\n        \n      <\/div>\n    <\/div>\n\t\t<\/div> \n\t<\/div>\n\t<\/div> \n<\/div><\/div>\n\t\t\t<\/div> \n\t\t<\/div>\n\t<\/div> \n<\/div><\/div>","protected":false},"excerpt":{"rendered":"mod\u2019s hair mod\u2019s hair was founded in 1968 in Paris by the B\u00e9rard brothers, opening its first salon in 1974 and pioneering the \u201cCoiff\u00e9-D\u00e9coiff\u00e9\u201d natural, effortless styling concept. Today, it...","protected":false},"author":1,"featured_media":0,"parent":0,"menu_order":0,"comment_status":"closed","ping_status":"closed","template":"","meta":{"footnotes":""},"class_list":["post-1934","page","type-page","status-publish"],"_links":{"self":[{"href":"https:\/\/laiyibiotech.com\/cn\/wp-json\/wp\/v2\/pages\/1934","targetHints":{"allow":["GET"]}}],"collection":[{"href":"https:\/\/laiyibiotech.com\/cn\/wp-json\/wp\/v2\/pages"}],"about":[{"href":"https:\/\/laiyibiotech.com\/cn\/wp-json\/wp\/v2\/types\/page"}],"author":[{"embeddable":true,"href":"https:\/\/laiyibiotech.com\/cn\/wp-json\/wp\/v2\/users\/1"}],"replies":[{"embeddable":true,"href":"https:\/\/laiyibiotech.com\/cn\/wp-json\/wp\/v2\/comments?post=1934"}],"version-history":[{"count":5,"href":"https:\/\/laiyibiotech.com\/cn\/wp-json\/wp\/v2\/pages\/1934\/revisions"}],"predecessor-version":[{"id":1939,"href":"https:\/\/laiyibiotech.com\/cn\/wp-json\/wp\/v2\/pages\/1934\/revisions\/1939"}],"wp:attachment":[{"href":"https:\/\/laiyibiotech.com\/cn\/wp-json\/wp\/v2\/media?parent=1934"}],"curies":[{"name":"wp","href":"https:\/\/api.w.org\/{rel}","templated":true}]}}